{"id":15,"date":"2023-01-20T07:39:17","date_gmt":"2023-01-20T07:39:17","guid":{"rendered":"https:\/\/thegenius.co\/wp\/techlon\/demo\/?page_id=15"},"modified":"2025-01-28T11:44:28","modified_gmt":"2025-01-28T08:44:28","slug":"anasayfa","status":"publish","type":"page","link":"https:\/\/maviakim.com.tr\/","title":{"rendered":"Anasayfa"},"content":{"rendered":"\t\t<div data-elementor-type=\"wp-page\" data-elementor-id=\"15\" class=\"elementor elementor-15\">\n\t\t\t\t\t\t<section class=\"elementor-section elementor-top-section elementor-element elementor-element-6aa1e34 elementor-section-full_width techlon-column-stretched-none elementor-section-height-default elementor-section-height-default\" data-id=\"6aa1e34\" data-element_type=\"section\">\n\t\t\t\t\t\t<div class=\"elementor-container elementor-column-gap-no\">\n\t\t\t\t\t<div class=\"elementor-column elementor-col-100 elementor-top-column elementor-element elementor-element-13ceb2a\" data-id=\"13ceb2a\" data-element_type=\"column\">\n\t\t\t<div class=\"elementor-widget-wrap elementor-element-populated\">\n\t\t\t\t\t\t<div class=\"elementor-element elementor-element-9f981eb elementor-widget elementor-widget-techlon_slider1_section \" data-id=\"9f981eb\" data-element_type=\"widget\" data-widget_type=\"techlon_slider1_section .default\">\n\t\t\t\t<div class=\"elementor-widget-container\">\n\t\t\t\r\n              <div class=\"slider-one\">\r\n\r\n            <div class=\"slider-one__carousel owl-carousel owl-theme  thm-owl__carousel1\"\r\n\r\n                data-owl-options='{\"loop\": true, \"items\": 1, \"navText\": [\"<span class=\\\"fa fa-angle-left fa-lg\\\"><\/span>\",\"<span class=\\\"fa fa-angle-right fa-lg\\\"><\/span>\"], \"margin\": 0, \"dots\": true, \"nav\": true, \"animateOut\": \"slideOutDown\", \"animateIn\": \"fadeIn\", \"active\": true, \"smartSpeed\": 1000, \"autoplay\": true, \"autoplayTimeout\": 7000, \"autoplayHoverPause\": false}'>\r\n\r\n\r\n                <div class=\"item slider-one__slide-1\">\r\n\r\n                 <div class=\"slider-one__bg\" style=\"background-image: url(https:\/\/maviakim.com.tr\/wp-content\/uploads\/2024\/09\/satis-sonrasi-destek.jpg);\">\r\n\r\n                    <\/div><!-- \/.slider-one__bg -->\r\n\r\n                    <div class=\"slider-one__shape-1\"><\/div><!-- \/.slider-one__shape-1  -->\r\n\r\n                    <div class=\"slider-one__shape-2\"><\/div><!-- \/.slider-one__shape-2 -->\r\n\r\n                    <div class=\"slider-one__shape-3\"><\/div><!-- \/.slider-one__shape-3 -->\r\n\r\n                    <div class=\"slider-one__shape-4\"><\/div><!-- \/.slider-one__shape-4 -->\r\n\r\n                    <div class=\"slider-one__shape-5\"><\/div><!-- \/.slider-one__shape-5 -->\r\n\r\n                    <div class=\"container\">\r\n\r\n                        <div class=\"slider-one__content \">\r\n\r\n                            <div class=\"slider-one__floated lettering-text\">T\u00fcrkiye'nin \u0130klim Deposu<\/div>\r\n\r\n                            <!-- \/.slider-one__floated -->\r\n\r\n                            <p class=\"slider-one__text\">Mavi Ak\u0131m'a Ho\u015f Geldiniz.<\/p><!-- \/.slider-one__text -->\r\n\r\n                            <div class=\"slider-one__title-wrapper\">\r\n\r\n                                <h2 class=\"slider-one__title\">Sat\u0131\u015f sonras\u0131 deste\u011fin \u00f6nemine inan\u0131yoruz<\/h2><!-- \/.slider-one__title -->\r\n\r\n                            <\/div><!-- \/.slider-one__title-wrapper -->\r\n\r\n                            <div class=\"slider-one__btns\">\r\n\r\n                                <a href=\"index.php\/hakkimizda\/\" class=\"thm-btn slider-one__btn\"><span>Hakk\u0131m\u0131zda<\/span><\/a>\r\n\r\n                                <!-- \/.thm-btn slider-one__btn -->\r\n\r\n                            <\/div><!-- \/.slider-one__btns -->\r\n\r\n                        <\/div><!-- \/.slider-one__content -->\r\n\r\n                    <\/div><!-- \/.container -->\r\n\r\n                <\/div><!-- \/.item -->\r\n\r\n\r\n            <\/div><!-- \/.slider-one__carousel -->\r\n\r\n        <\/div><!-- \/.slider-one -->\r\n\r\n        \r\n        <script>\r\n\r\n  jQuery( function( $ ) {\r\n\r\n                let thmOwlCarousels = $(\".thm-owl__carousel1\");\r\n\r\n                    if (thmOwlCarousels.length) {\r\n\r\n                        thmOwlCarousels.each(function () {\r\n\r\n                            let elm = $(this);\r\n\r\n                            let options = elm.data(\"owl-options\");\r\n\r\n                            let thmOwlCarousel = elm.owlCarousel(\r\n\r\n                                \"object\" === typeof options ? options : JSON.parse(options)\r\n\r\n                            );\r\n\r\n                        });\r\n\r\n    }\r\n\r\n            })\r\n\r\n        <\/script>\r\n\r\n        \t\t<\/div>\n\t\t\t\t<\/div>\n\t\t\t\t\t<\/div>\n\t\t<\/div>\n\t\t\t\t\t<\/div>\n\t\t<\/section>\n\t\t\t\t<section class=\"elementor-section elementor-top-section elementor-element elementor-element-d2ba4b5 elementor-section-full_width techlon-column-stretched-none elementor-section-height-default elementor-section-height-default\" data-id=\"d2ba4b5\" data-element_type=\"section\">\n\t\t\t\t\t\t<div class=\"elementor-container elementor-column-gap-no\">\n\t\t\t\t\t<div class=\"elementor-column elementor-col-100 elementor-top-column elementor-element elementor-element-17bb0f2\" data-id=\"17bb0f2\" data-element_type=\"column\">\n\t\t\t<div class=\"elementor-widget-wrap elementor-element-populated\">\n\t\t\t\t\t\t<div class=\"elementor-element elementor-element-e212e47 elementor-widget elementor-widget-techlon_step_meta\" data-id=\"e212e47\" data-element_type=\"widget\" data-widget_type=\"techlon_step_meta.default\">\n\t\t\t\t<div class=\"elementor-widget-container\">\n\t\t\t\r\n\r\n\r\n\t\t<div class=\"service-five\">\r\n\r\n            <div class=\"container\">\r\n\r\n                <div class=\"row gutter-y-30\">\r\n\r\n               \r\n                    <div class=\"col-md-12 col-lg-4 animated fadeInLeft\" >\r\n\r\n                        <div class=\"service-five-card\">\r\n\r\n                            <div class=\"service-five-card__inner\">\r\n\r\n                                <div class=\"service-five-card__image\">\r\n\r\n                                    <img decoding=\"async\" src=\"https:\/\/maviakim.com.tr\/wp-content\/uploads\/2024\/09\/kombi.png\" alt=\"\">\r\n\r\n                                <\/div><!-- \/.service-five-card__image -->\r\n\r\n                                <h3 class=\"service-five-card__title\">\t\r\n\r\n                                \t\r\n                                  <a href=\"https:\/\/bayi.maviakim.com.tr\/urunler\/?categoryCode=A\" target=\"_blank\" rel=\"nofollow\">\r\n\r\n                                \tKombi<\/a><\/h3><!-- \/.service-five-card__title -->\r\n\r\n                            <\/div><!-- \/.service-five-card__inner -->\r\n\r\n                        <\/div><!-- \/.service-five-card -->\r\n\r\n                    <\/div><!-- \/.col-md-12 col-lg-4 -->\r\n\r\n                 \r\n                    <div class=\"col-md-12 col-lg-4 animated fadeInUp\" >\r\n\r\n                        <div class=\"service-five-card\">\r\n\r\n                            <div class=\"service-five-card__inner\">\r\n\r\n                                <div class=\"service-five-card__image\">\r\n\r\n                                    <img decoding=\"async\" src=\"https:\/\/maviakim.com.tr\/wp-content\/uploads\/2024\/09\/radyator.png\" alt=\"\">\r\n\r\n                                <\/div><!-- \/.service-five-card__image -->\r\n\r\n                                <h3 class=\"service-five-card__title\">\t\r\n\r\n                                \t\r\n                                  <a href=\"https:\/\/bayi.maviakim.com.tr\/urunler\/?categoryCode=A https:\/\/bayi.maviakim.com.tr\/urunler\/?categoryCode=E\" target=\"_blank _blank\" rel=\"nofollow nofollow\">\r\n\r\n                                \tRadyat\u00f6r<\/a><\/h3><!-- \/.service-five-card__title -->\r\n\r\n                            <\/div><!-- \/.service-five-card__inner -->\r\n\r\n                        <\/div><!-- \/.service-five-card -->\r\n\r\n                    <\/div><!-- \/.col-md-12 col-lg-4 -->\r\n\r\n                 \r\n                    <div class=\"col-md-12 col-lg-4 animated fadeInRight\" >\r\n\r\n                        <div class=\"service-five-card\">\r\n\r\n                            <div class=\"service-five-card__inner\">\r\n\r\n                                <div class=\"service-five-card__image\">\r\n\r\n                                    <img decoding=\"async\" src=\"https:\/\/maviakim.com.tr\/wp-content\/uploads\/2024\/09\/tesisat-malz.png\" alt=\"\">\r\n\r\n                                <\/div><!-- \/.service-five-card__image -->\r\n\r\n                                <h3 class=\"service-five-card__title\">\t\r\n\r\n                                \t\r\n                                  <a href=\"https:\/\/bayi.maviakim.com.tr\/urunler\/?categoryCode=A https:\/\/bayi.maviakim.com.tr\/urunler\/?categoryCode=E https:\/\/bayi.maviakim.com.tr\/urunler\/?categoryCode=O\" target=\"_blank _blank _blank\" rel=\"nofollow nofollow nofollow\">\r\n\r\n                                \tD.Gaz Tesisat Malzemeleri<\/a><\/h3><!-- \/.service-five-card__title -->\r\n\r\n                            <\/div><!-- \/.service-five-card__inner -->\r\n\r\n                        <\/div><!-- \/.service-five-card -->\r\n\r\n                    <\/div><!-- \/.col-md-12 col-lg-4 -->\r\n\r\n                 \r\n               \r\n\r\n                <\/div><!-- \/.row -->\r\n\r\n            <\/div><!-- \/.container -->\r\n\r\n        <\/div><!-- \/.service-five -->\r\n\r\n\t\t\r\n\r\n\t\t\t<\/div>\n\t\t\t\t<\/div>\n\t\t\t\t\t<\/div>\n\t\t<\/div>\n\t\t\t\t\t<\/div>\n\t\t<\/section>\n\t\t\t\t<section class=\"elementor-section elementor-top-section elementor-element elementor-element-ebb05d1 techlon-column-stretched-none elementor-section-boxed elementor-section-height-default elementor-section-height-default\" data-id=\"ebb05d1\" data-element_type=\"section\">\n\t\t\t\t\t\t<div class=\"elementor-container elementor-column-gap-no\">\n\t\t\t\t\t<div class=\"elementor-column elementor-col-50 elementor-top-column elementor-element elementor-element-2beb4f06\" data-id=\"2beb4f06\" data-element_type=\"column\">\n\t\t\t<div class=\"elementor-widget-wrap elementor-element-populated\">\n\t\t\t\t\t\t<div class=\"elementor-element elementor-element-416cec1 elementor-widget elementor-widget-techlon_image\" data-id=\"416cec1\" data-element_type=\"widget\" data-widget_type=\"techlon_image.default\">\n\t\t\t\t<div class=\"elementor-widget-container\">\n\t\t\t      <div class=\"image-box-wrapper\">\r\n\t\t\t\t\t      <div class=\"about-five__images\">\r\n                           \t\t\t\t\t           <div class=\"about-five__images__shape\" style=\"background-image: url('https:\/\/thegenius.co\/wp\/techlon\/demo\/wp-content\/uploads\/2023\/03\/about-five-1-1.png')\"><\/div><!-- \/.about-five__images__shape -->\r\n\t\t\t                   <div class=\"about-five__images__shape-2 float-bob-x\"><\/div><!-- \/.about-five__images__shape-2 -->\r\n\t\t\t                                           <img decoding=\"async\" src=\"https:\/\/thegenius.co\/wp\/techlon\/demo\/wp-content\/uploads\/2023\/03\/about-five-1-1.jpg\" class=\"wow fadeInUp\"\r\n                                data-wow-duration=\"1500ms\" alt=\"\">\r\n                            <img decoding=\"async\" src=\"https:\/\/thegenius.co\/wp\/techlon\/demo\/wp-content\/uploads\/2023\/03\/about-five-1-2.jpg\" alt=\"\">\r\n                            \t\t\t\t\t\t\t\t <div class=\"about-five__video\">\r\n\t\t\t\t                    <a href=\"\" class=\"video-popup\">\r\n\t\t\t\t\t\t\t\t\t\t\t\t\t                    \t\r\n\t\t\t\t\t\t\t\t\t<\/a>\r\n\t\t\t\t\t\t\t\t<\/div><!-- \/.about-five__video -->\r\n\t\t\t\t\t\t\t\t                           \t\t\t\t\t\t\t<div class=\"about-five__images__caption count-box\">\r\n\t\t\t\t\t\t\t\t<div class=\"about-five__images__number-wrapper\">\r\n\t\t\t\t\t\t\t\t\t\t\t\t\t\t\t\t\t\t<span class=\"count-text\" data-stop=\"24\" data-speed=\"2500\">00<\/span>\r\n\t\t\t\t\t\t\t\t\t\r\n\t\t\t\t\t\t\t\t\t\t\t\t\t\t\t\t\t<\/div>\r\n\t\t\t\t\t\t\t\t<div class=\"caption-text\">\r\n\t\t\t\t\t\t\t\t\tY\u0131ll\u0131k <br>Tecr\u00fcbe\t\t\t\t\t\t\t\t<\/div>\r\n\t\t\t\t\t\t\t<\/div>\r\n\t\t\t\t\t\t                        <\/div><!-- \/.about-five__images -->\r\n\t\t       <\/div>\r\n\t\t\t\t<script>\r\n\t\t\tjQuery( function( $ ) {\r\n\t\t\t\tif ($(\".count-box\").length) {\r\n\t\t\t\t\t$(\".count-box\").appear(\r\n\t\t\t\t\t\tfunction () {\r\n\t\t\t\t\t\t\tvar $t = $(this),\r\n\t\t\t\t\t\t\t\tn = $t.find(\".count-text\").attr(\"data-stop\"),\r\n\t\t\t\t\t\t\t\tr = parseInt($t.find(\".count-text\").attr(\"data-speed\"), 10);\r\n\r\n\t\t\t\t\t\t\tif (!$t.hasClass(\"counted\")) {\r\n\t\t\t\t\t\t\t\t$t.addClass(\"counted\");\r\n\t\t\t\t\t\t\t\t$({\r\n\t\t\t\t\t\t\t\t\tcountNum: $t.find(\".count-text\").text()\r\n\t\t\t\t\t\t\t\t}).animate({\r\n\t\t\t\t\t\t\t\t\tcountNum: n\r\n\t\t\t\t\t\t\t\t}, {\r\n\t\t\t\t\t\t\t\t\tduration: r,\r\n\t\t\t\t\t\t\t\t\teasing: \"linear\",\r\n\t\t\t\t\t\t\t\t\tstep: function () {\r\n\t\t\t\t\t\t\t\t\t\t$t.find(\".count-text\").text(Math.floor(this.countNum));\r\n\t\t\t\t\t\t\t\t\t},\r\n\t\t\t\t\t\t\t\t\tcomplete: function () {\r\n\t\t\t\t\t\t\t\t\t\t$t.find(\".count-text\").text(this.countNum);\r\n\t\t\t\t\t\t\t\t\t}\r\n\t\t\t\t\t\t\t\t});\r\n\t\t\t\t\t\t\t}\r\n\t\t\t\t\t\t}, {\r\n\t\t\t\t\t\t\taccY: 0\r\n\t\t\t\t\t\t}\r\n\t\t\t\t\t);\r\n\t\t\t\t}\r\n\t\t\t})\r\n\t\t<\/script>\r\n\t\t\t<\/div>\n\t\t\t\t<\/div>\n\t\t\t\t\t<\/div>\n\t\t<\/div>\n\t\t\t\t<div class=\"elementor-column elementor-col-50 elementor-top-column elementor-element elementor-element-37c9ae90\" data-id=\"37c9ae90\" data-element_type=\"column\">\n\t\t\t<div class=\"elementor-widget-wrap elementor-element-populated\">\n\t\t\t\t\t\t<div class=\"elementor-element elementor-element-59170db5 elementor-widget elementor-widget-techlon_title\" data-id=\"59170db5\" data-element_type=\"widget\" data-widget_type=\"techlon_title.default\">\n\t\t\t\t<div class=\"elementor-widget-container\">\n\t\t\t\r\n\t\t\r\n\t\t<div class=\"section-title\">\r\r\n\t\t\t\r\n\t\t\t\t<p class=\"section-title__text\">Maviak\u0131m Kimdir ?<\/p>\r\r\n\t\t\t\r\n\t\t\t\r\n\t\t\t\t<h2 class=\"section-title__title\">Geni\u015f \u00dcr\u00fcn Yelpazesi <\/h2>\r\r\n\t\t\t\r\n\t\t\t<!-- \/.section-title__title -->\r\r\n\t\t<\/div>\r\r\n\t\t\t<\/div>\n\t\t\t\t<\/div>\n\t\t\t\t<div class=\"elementor-element elementor-element-793f9f9a elementor-widget elementor-widget-techlon_text\" data-id=\"793f9f9a\" data-element_type=\"widget\" data-widget_type=\"techlon_text.default\">\n\t\t\t\t<div class=\"elementor-widget-container\">\n\t\t\t\r\n\t\t<div class=\"about-text\">\r\r\n\t\t\t<p>17.02.2000 tarihinde ticari hayat\u0131na ba\u015flayan firmam\u0131z \u00d6mer G\u00dcNEY ve Ka\u011fan \u00c7AKAR taraf\u0131ndan kurulmu\u015ftur. T\u00fcrkiye ve d\u00fcnya ekonomisinin durgunluk i\u00e7erisinde oldu\u011fu d\u00f6nemlerde sab\u0131r ve ilk g\u00fcnk\u00fc heyecan\u0131m\u0131z\u0131 kaybetmeden sa\u011fl\u0131kl\u0131 geli\u015fimini s\u00fcrd\u00fcrm\u00fc\u015f, \u015firket i\u00e7inde ve ticarette s\u00fcrekli iyile\u015ftirmelerle geli\u015fimine devam etmi\u015ftir.<\/p>\r\n\t\t<\/div>\r\r\n\t\t\t<\/div>\n\t\t\t\t<\/div>\n\t\t\t\t<div class=\"elementor-element elementor-element-b37e1e9 elementor-widget elementor-widget-techlon_text\" data-id=\"b37e1e9\" data-element_type=\"widget\" data-widget_type=\"techlon_text.default\">\n\t\t\t\t<div class=\"elementor-widget-container\">\n\t\t\t\r\n\t\t<div class=\"about-text\">\r\r\n\t\t\t<p>Kombiden do\u011falgaz fitings malzemesine, kazan \u00e7e\u015fitlerinden panel radyat\u00f6re kadar bayilerine geni\u015f bir \u00fcr\u00fcn yelpazesi sumakta olan firmam\u0131z BOSCH, ECA, TERMOD\u0130NAM\u0130K gibi kendi alanlar\u0131nda marka olmu\u015f daha bir\u00e7ok firmayla \u00e7al\u0131\u015fmaktad\u0131r. Ger\u00e7eklerle y\u00fczle\u015fmeyi \u00f6n plana alan firmam\u0131z olarak en kaliteli \u00fcr\u00fcnleri m\u00fc\u015fterilerimize sunup sat\u0131\u015f\u0131n de\u011fil, sat\u0131\u015f sonras\u0131 deste\u011fin daha \u00f6nemli oldu\u011funa inanmaktay\u0131z.<\/p>\r\n\t\t<\/div>\r\r\n\t\t\t<\/div>\n\t\t\t\t<\/div>\n\t\t\t\t\t<\/div>\n\t\t<\/div>\n\t\t\t\t\t<\/div>\n\t\t<\/section>\n\t\t\t\t<section class=\"elementor-section elementor-top-section elementor-element elementor-element-291d9a6 elementor-section-full_width techlon-column-stretched-none elementor-section-height-default elementor-section-height-default\" data-id=\"291d9a6\" data-element_type=\"section\">\n\t\t\t\t\t\t<div class=\"elementor-container elementor-column-gap-no\">\n\t\t\t\t\t<div class=\"elementor-column elementor-col-100 elementor-top-column elementor-element elementor-element-fcff716\" data-id=\"fcff716\" data-element_type=\"column\">\n\t\t\t<div class=\"elementor-widget-wrap elementor-element-populated\">\n\t\t\t\t\t\t<div class=\"elementor-element elementor-element-a3bea68 elementor-widget elementor-widget-techlon_brand_section\" data-id=\"a3bea68\" data-element_type=\"widget\" data-widget_type=\"techlon_brand_section.default\">\n\t\t\t\t<div class=\"elementor-widget-container\">\n\t\t\t\r\n        <div class=\"client-carousel  tech-carousel\">\r\r\n            <div class=\"container\">\r\r\n                <div class=\"owl-carousel thm-owl__carousel thm-owl__carousel1\" data-owl-options='{\"loop\": true,\r\r\n                \"autoplay\": true,\r\r\n                \"autoplayTimeout\": 5000,\r\r\n                \"autoplayHoverPause\": true,\r\r\n                \"nav\": true,\r\r\n                \"navText\": [\"<span class=\\\" fa fa-chevron-left\\\"><\/span>\",\"<span class=\\\" fa fa-chevron-right\\\"><\/span>\"],\r\r\n                \"dots\": false,\r\r\n                \"margin\": 30,\r\r\n                \"items\": 2,\r\r\n                \"smartSpeed\": 700,\r\r\n                \"responsive\": {\r\r\n                    \"0\": {\r\r\n                        \"margin\": 30,\r\r\n                        \"items\": 2\r\r\n                    },\r\r\n                    \"375\": {\r\r\n                        \"margin\": 30,\r\r\n                        \"items\": 2\r\r\n                    },\r\r\n                    \"575\": {\r\r\n                        \"margin\": 30,\r\r\n                        \"items\": 3\r\r\n                    },\r\r\n                    \"767\": {\r\r\n                        \"margin\": 50,\r\r\n                        \"items\": 4\r\r\n                    },\r\r\n                    \"991\": {\r\r\n                        \"margin\": 40,\r\r\n                        \"items\": 5\r\r\n                    },\r\r\n                    \"1199\": {\r\r\n                        \"margin\": 80,\r\r\n                        \"items\": 5\r\r\n                    }\r\r\n                }}'>\r\r\n                \r\n                    <div class=\"item\">\r\r\n                        <img decoding=\"async\" src=\"https:\/\/maviakim.com.tr\/wp-content\/uploads\/2024\/08\/ayvaz.jpg\" alt=\"\">\r\r\n                    <\/div><!-- \/.item -->\r\r\n\r\n                    <div class=\"item\">\r\r\n                        <img decoding=\"async\" src=\"https:\/\/maviakim.com.tr\/wp-content\/uploads\/2024\/08\/bosch.jpg\" alt=\"\">\r\r\n                    <\/div><!-- \/.item -->\r\r\n\r\n                    <div class=\"item\">\r\r\n                        <img decoding=\"async\" src=\"https:\/\/maviakim.com.tr\/wp-content\/uploads\/2024\/08\/cayirova.jpg\" alt=\"\">\r\r\n                    <\/div><!-- \/.item -->\r\r\n\r\n                    <div class=\"item\">\r\r\n                        <img decoding=\"async\" src=\"https:\/\/maviakim.com.tr\/wp-content\/uploads\/2024\/08\/eca.jpg\" alt=\"\">\r\r\n                    <\/div><!-- \/.item -->\r\r\n\r\n                    <div class=\"item\">\r\r\n                        <img decoding=\"async\" src=\"https:\/\/maviakim.com.tr\/wp-content\/uploads\/2024\/08\/eska.jpg\" alt=\"\">\r\r\n                    <\/div><!-- \/.item -->\r\r\n\r\n                    <div class=\"item\">\r\r\n                        <img decoding=\"async\" src=\"https:\/\/maviakim.com.tr\/wp-content\/uploads\/2024\/08\/kozlusan.jpg\" alt=\"\">\r\r\n                    <\/div><!-- \/.item -->\r\r\n\r\n                    <div class=\"item\">\r\r\n                        <img decoding=\"async\" src=\"https:\/\/maviakim.com.tr\/wp-content\/uploads\/2024\/08\/lifepan.jpg\" alt=\"\">\r\r\n                    <\/div><!-- \/.item -->\r\r\n\r\n                    <div class=\"item\">\r\r\n                        <img decoding=\"async\" src=\"https:\/\/maviakim.com.tr\/wp-content\/uploads\/2024\/08\/pekpan.jpg\" alt=\"\">\r\r\n                    <\/div><!-- \/.item -->\r\r\n\r\n                    <div class=\"item\">\r\r\n                        <img decoding=\"async\" src=\"https:\/\/maviakim.com.tr\/wp-content\/uploads\/2024\/08\/pipelife.jpg\" alt=\"\">\r\r\n                    <\/div><!-- \/.item -->\r\r\n\r\n                    <div class=\"item\">\r\r\n                        <img decoding=\"async\" src=\"https:\/\/maviakim.com.tr\/wp-content\/uploads\/2024\/08\/yesilenerji.jpg\" alt=\"\">\r\r\n                    <\/div><!-- \/.item -->\r\r\n\r\n                    <div class=\"item\">\r\r\n                        <img decoding=\"async\" src=\"https:\/\/maviakim.com.tr\/wp-content\/uploads\/2024\/08\/termodinamik.jpg\" alt=\"\">\r\r\n                    <\/div><!-- \/.item -->\r\r\n\r\n                <\/div><!-- \/.thm-owl__carousel -->\r\r\n            <\/div><!-- \/.container -->\r\r\n        <\/div><!-- \/.client-carousel -->\r\r\n        \r\n        <script>\r\r\n            jQuery( function( $ ) {\r\r\n        let thmOwlCarousels = $(\".thm-owl__carousel1\");\r\r\n    if (thmOwlCarousels.length) {\r\r\n        thmOwlCarousels.each(function () {\r\r\n            let elm = $(this);\r\r\n            let options = elm.data(\"owl-options\");\r\r\n            let thmOwlCarousel = elm.owlCarousel(\r\r\n                \"object\" === typeof options ? options : JSON.parse(options)\r\r\n            );\r\r\n        });\r\r\n    }\r\r\n            })\r\r\n        <\/script>\r\r\n    \t\t<\/div>\n\t\t\t\t<\/div>\n\t\t\t\t\t<\/div>\n\t\t<\/div>\n\t\t\t\t\t<\/div>\n\t\t<\/section>\n\t\t\t\t<\/div>\n\t\t","protected":false},"excerpt":{"rendered":"<p>&#8220;,&#8221;&#8221;], &#8220;margin&#8221;: 0, &#8220;dots&#8221;: true, &#8220;nav&#8221;: true, &#8220;animateOut&#8221;: &#8220;slideOutDown&#8221;, &#8220;animateIn&#8221;: &#8220;fadeIn&#8221;, &#8220;active&#8221;: true, &#8220;smartSpeed&#8221;: 1000, &#8220;autoplay&#8221;: true, &#8220;autoplayTimeout&#8221;: 7000, &#8220;autoplayHoverPause&#8221;: false}&#8217;> T\u00fcrkiye&#8217;nin \u0130klim Deposu Mavi Ak\u0131m&#8217;a Ho\u015f Geldiniz. Sat\u0131\u015f sonras\u0131 deste\u011fin \u00f6nemine inan\u0131yoruz Hakk\u0131m\u0131zda Kombi Radyat\u00f6r D.Gaz Tesisat Malzemeleri 00 Y\u0131ll\u0131k Tecr\u00fcbe Maviak\u0131m Kimdir ? Geni\u015f \u00dcr\u00fcn Yelpazesi 17.02.2000 tarihinde ticari hayat\u0131na ba\u015flayan firmam\u0131z \u00d6mer [&hellip;]<\/p>\n","protected":false},"author":1,"featured_media":0,"parent":0,"menu_order":0,"comment_status":"closed","ping_status":"closed","template":"elementor_header_footer","meta":{"footnotes":""},"class_list":["post-15","page","type-page","status-publish","hentry"],"_links":{"self":[{"href":"https:\/\/maviakim.com.tr\/index.php\/wp-json\/wp\/v2\/pages\/15","targetHints":{"allow":["GET"]}}],"collection":[{"href":"https:\/\/maviakim.com.tr\/index.php\/wp-json\/wp\/v2\/pages"}],"about":[{"href":"https:\/\/maviakim.com.tr\/index.php\/wp-json\/wp\/v2\/types\/page"}],"author":[{"embeddable":true,"href":"https:\/\/maviakim.com.tr\/index.php\/wp-json\/wp\/v2\/users\/1"}],"replies":[{"embeddable":true,"href":"https:\/\/maviakim.com.tr\/index.php\/wp-json\/wp\/v2\/comments?post=15"}],"version-history":[{"count":36,"href":"https:\/\/maviakim.com.tr\/index.php\/wp-json\/wp\/v2\/pages\/15\/revisions"}],"predecessor-version":[{"id":10919,"href":"https:\/\/maviakim.com.tr\/index.php\/wp-json\/wp\/v2\/pages\/15\/revisions\/10919"}],"wp:attachment":[{"href":"https:\/\/maviakim.com.tr\/index.php\/wp-json\/wp\/v2\/media?parent=15"}],"curies":[{"name":"wp","href":"https:\/\/api.w.org\/{rel}","templated":true}]}}