{"id":17,"date":"2023-01-20T07:40:03","date_gmt":"2023-01-20T07:40:03","guid":{"rendered":"https:\/\/thegenius.co\/wp\/techlon\/demo\/?page_id=17"},"modified":"2024-10-04T11:03:07","modified_gmt":"2024-10-04T08:03:07","slug":"hakkimizda","status":"publish","type":"page","link":"https:\/\/maviakim.com.tr\/index.php\/hakkimizda\/","title":{"rendered":"Hakk\u0131m\u0131zda"},"content":{"rendered":"\t\t<div data-elementor-type=\"wp-page\" data-elementor-id=\"17\" class=\"elementor elementor-17\">\n\t\t\t\t\t\t<section class=\"elementor-section elementor-top-section elementor-element elementor-element-2bb17eb techlon-column-stretched-none elementor-section-boxed elementor-section-height-default elementor-section-height-default\" data-id=\"2bb17eb\" data-element_type=\"section\" data-settings=\"{&quot;background_background&quot;:&quot;classic&quot;}\">\n\t\t\t\t\t\t<div class=\"elementor-container elementor-column-gap-no\">\n\t\t\t\t\t<div class=\"elementor-column elementor-col-100 elementor-top-column elementor-element elementor-element-4f95d6b\" data-id=\"4f95d6b\" data-element_type=\"column\">\n\t\t\t<div class=\"elementor-widget-wrap elementor-element-populated\">\n\t\t\t\t\t\t<section class=\"elementor-section elementor-inner-section elementor-element elementor-element-bb17a8b techlon-column-stretched-none elementor-section-boxed elementor-section-height-default elementor-section-height-default\" data-id=\"bb17a8b\" data-element_type=\"section\">\n\t\t\t\t\t\t<div class=\"elementor-container elementor-column-gap-default\">\n\t\t\t\t\t<div class=\"elementor-column elementor-col-50 elementor-inner-column elementor-element elementor-element-1687bbd\" data-id=\"1687bbd\" data-element_type=\"column\">\n\t\t\t<div class=\"elementor-widget-wrap elementor-element-populated\">\n\t\t\t\t\t\t<div class=\"elementor-element elementor-element-06e9bf1 elementor-widget elementor-widget-techlon_image\" data-id=\"06e9bf1\" data-element_type=\"widget\" data-widget_type=\"techlon_image.default\">\n\t\t\t\t<div class=\"elementor-widget-container\">\n\t\t\t      <div class=\"image-box-wrapper\">\r\n\t\t\r\n   \r\n            <div class=\"container\">\r\n                <img decoding=\"async\" src=\"https:\/\/thegenius.co\/wp\/techlon\/demo\/wp-content\/uploads\/2023\/04\/about-4-s-1.png\" alt=\"\" class=\"about-four__shape-2\">\r\n                        <div class=\"about-four__image\">\r\n                            <img decoding=\"async\" src=\"https:\/\/maviakim.com.tr\/wp-content\/uploads\/2024\/08\/mavi-akim-bnnr.jpg\" class=\"wow fadeInUp animated\" data-wow-duration=\"1500ms\" alt=\"\" style=\"visibility: visible; animation-duration: 1500ms; animation-name: fadeInUp;\">\r\n                        <\/div><!-- \/.about-four__image -->             \r\n         \r\n            <\/div><!-- \/.container -->\r\n\r\n\r\n              <\/div>\r\n\t\t\t\t<\/div>\n\t\t\t\t<\/div>\n\t\t\t\t\t<\/div>\n\t\t<\/div>\n\t\t\t\t<div class=\"elementor-column elementor-col-50 elementor-inner-column elementor-element elementor-element-c7d510a\" data-id=\"c7d510a\" data-element_type=\"column\">\n\t\t\t<div class=\"elementor-widget-wrap elementor-element-populated\">\n\t\t\t\t\t\t<div class=\"elementor-element elementor-element-65ea5461 elementor-widget elementor-widget-techlon_title\" data-id=\"65ea5461\" data-element_type=\"widget\" data-widget_type=\"techlon_title.default\">\n\t\t\t\t<div class=\"elementor-widget-container\">\n\t\t\t\r\n\t\t\r\n\t\t<div class=\"section-title\">\r\r\n\t\t\t\r\n\t\t\t\t<p class=\"section-title__text\">Firmam\u0131z Hakk\u0131nda<\/p>\r\r\n\t\t\t\r\n\t\t\t\r\n\t\t\t\t<h2 class=\"section-title__title\">T\u00fcrkiye'nin \u0130klim Deposu<\/h2>\r\r\n\t\t\t\r\n\t\t\t<!-- \/.section-title__title -->\r\r\n\t\t<\/div>\r\r\n\t\t\t<\/div>\n\t\t\t\t<\/div>\n\t\t\t\t<div class=\"elementor-element elementor-element-1bd6adda elementor-widget elementor-widget-techlon_text\" data-id=\"1bd6adda\" data-element_type=\"widget\" data-widget_type=\"techlon_text.default\">\n\t\t\t\t<div class=\"elementor-widget-container\">\n\t\t\t\r\n\t\t<div class=\"about-text\">\r\r\n\t\t\t<p>17.02.2000 tarihinde ticari hayat\u0131na ba\u015flayan firmam\u0131z \u00d6mer G\u00dcNEY ve Ka\u011fan \u00c7AKAR taraf\u0131ndan kurulmu\u015ftur. T\u00fcrkiye ve d\u00fcnya ekonomisinin durgunluk i\u00e7erisinde oldu\u011fu d\u00f6nemlerde sab\u0131r ve ilk g\u00fcnk\u00fc heyecan\u0131m\u0131z\u0131 kaybetmeden sa\u011fl\u0131kl\u0131 geli\u015fimini s\u00fcrd\u00fcrm\u00fc\u015f, \u015firket i\u00e7inde ve ticarette s\u00fcrekli iyile\u015ftirmelerle geli\u015fimine devam etmi\u015ftir.<\/p><p>Kombiden do\u011falgaz fitings malzemesine, kazan \u00e7e\u015fitlerinden panel radyat\u00f6re kadar bayilerine geni\u015f bir \u00fcr\u00fcn yelpazesi sumakta olan firmam\u0131z VIESSMANN, BOSCH, ECA, TERMOD\u0130NAM\u0130K, EVS EREN VANA gibi kendi alanlar\u0131nda marka olmu\u015f daha bir\u00e7ok firmayla \u00e7al\u0131\u015fmaktad\u0131r. Ger\u00e7eklerle y\u00fczle\u015fmeyi \u00f6n plana alan firmam\u0131z olarak en kaliteli \u00fcr\u00fcnleri m\u00fc\u015fterilerimize sunup sat\u0131\u015f\u0131n de\u011fil, sat\u0131\u015f sonras\u0131 deste\u011fin daha \u00f6nemli oldu\u011funa inanmaktay\u0131z.<\/p>\r\n\t\t<\/div>\r\r\n\t\t\t<\/div>\n\t\t\t\t<\/div>\n\t\t\t\t\t<\/div>\n\t\t<\/div>\n\t\t\t\t\t<\/div>\n\t\t<\/section>\n\t\t\t\t\t<\/div>\n\t\t<\/div>\n\t\t\t\t\t<\/div>\n\t\t<\/section>\n\t\t\t\t<section class=\"elementor-section elementor-top-section elementor-element elementor-element-da12161 elementor-section-full_width techlon-column-stretched-none elementor-section-height-default elementor-section-height-default\" data-id=\"da12161\" data-element_type=\"section\">\n\t\t\t\t\t\t<div class=\"elementor-container elementor-column-gap-no\">\n\t\t\t\t\t<div class=\"elementor-column elementor-col-100 elementor-top-column elementor-element elementor-element-30d95b0\" data-id=\"30d95b0\" data-element_type=\"column\">\n\t\t\t<div class=\"elementor-widget-wrap elementor-element-populated\">\n\t\t\t\t\t\t<div class=\"elementor-element elementor-element-4394b81 elementor-widget elementor-widget-techlon_cta5_section \" data-id=\"4394b81\" data-element_type=\"widget\" data-widget_type=\"techlon_cta5_section .default\">\n\t\t\t\t<div class=\"elementor-widget-container\">\n\t\t\t\r\n         <section class=\"black-bg section-padding--top section-padding--bottom cta-two\">\r\r\n            <div class=\"cta-two__bg jarallax\" data-jarallax data-speed=\"0.2\" data-imgPosition=\"50% 0%\"\r\r\n                style=\"background-image: url(https:\/\/maviakim.com.tr\/wp-content\/uploads\/2024\/08\/depo-banner.png);\"><\/div>\r\r\n            <div class=\"container\">\r\r\n                <div class=\"cta-two__inner\">\r\r\n                    <h3 class=\"cta-two__title\">Mavi Ak\u0131m; T\u00fcrkiye'nin \u0130klim<span> Deposu<\/span><\/h3><!-- \/.cta-two__title -->\r\r\n                    <a href=\"\" class=\"thm-btn cta-two__btn tech-contact-btn\"><span>Bizi Aray\u0131n<\/span><\/a>\r\r\n                    <!-- \/.thm-btn cta-two__btn -->\r\r\n                <\/div><!-- \/.cta-two__inner -->\r\r\n            <\/div><!-- \/.container -->\r\r\n        <\/section>\r\r\n        \t\t<\/div>\n\t\t\t\t<\/div>\n\t\t\t\t\t<\/div>\n\t\t<\/div>\n\t\t\t\t\t<\/div>\n\t\t<\/section>\n\t\t\t\t<section class=\"elementor-section elementor-top-section elementor-element elementor-element-5641656 elementor-section-full_width techlon-column-stretched-none elementor-section-height-default elementor-section-height-default\" data-id=\"5641656\" data-element_type=\"section\" data-settings=\"{&quot;background_background&quot;:&quot;classic&quot;}\">\n\t\t\t\t\t\t<div class=\"elementor-container elementor-column-gap-no\">\n\t\t\t\t\t<div class=\"elementor-column elementor-col-100 elementor-top-column elementor-element elementor-element-43b56ba\" data-id=\"43b56ba\" data-element_type=\"column\">\n\t\t\t<div class=\"elementor-widget-wrap elementor-element-populated\">\n\t\t\t\t\t\t<section class=\"elementor-section elementor-inner-section elementor-element elementor-element-8df0a9d techlon-column-stretched-none elementor-section-boxed elementor-section-height-default elementor-section-height-default\" data-id=\"8df0a9d\" data-element_type=\"section\">\n\t\t\t\t\t\t<div class=\"elementor-container elementor-column-gap-default\">\n\t\t\t\t\t<div class=\"elementor-column elementor-col-100 elementor-inner-column elementor-element elementor-element-1684c5d\" data-id=\"1684c5d\" data-element_type=\"column\">\n\t\t\t<div class=\"elementor-widget-wrap elementor-element-populated\">\n\t\t\t\t\t\t<div class=\"elementor-element elementor-element-b06911b elementor-widget elementor-widget-techlon_title\" data-id=\"b06911b\" data-element_type=\"widget\" data-widget_type=\"techlon_title.default\">\n\t\t\t\t<div class=\"elementor-widget-container\">\n\t\t\t\r\n\t\t\r\n\t\t<div class=\"section-title\">\r\r\n\t\t\t\r\n\t\t\t\t<p class=\"section-title__text\">Mavi Ak\u0131m<\/p>\r\r\n\t\t\t\r\n\t\t\t\r\n\t\t\t\t<h2 class=\"section-title__title\">Misyonumuz<\/h2>\r\r\n\t\t\t\r\n\t\t\t<!-- \/.section-title__title -->\r\r\n\t\t<\/div>\r\r\n\t\t\t<\/div>\n\t\t\t\t<\/div>\n\t\t\t\t<div class=\"elementor-element elementor-element-cabfb90 elementor-widget elementor-widget-techlon_text\" data-id=\"cabfb90\" data-element_type=\"widget\" data-widget_type=\"techlon_text.default\">\n\t\t\t\t<div class=\"elementor-widget-container\">\n\t\t\t\r\n\t\t<div class=\"about-text\">\r\r\n\t\t\t<div class=\"flex_column av_two_third  no_margin flex_column_table_cell av-equal-height-column av-align-top first  avia-builder-el-4  el_before_av_one_third  avia-builder-el-first  \"><div class=\"av-special-heading av-special-heading-h3  blockquote modern-quote  avia-builder-el-7  el_after_av_hr  el_before_av_textblock  \"><div class=\"special-heading-border\"><div class=\"special-heading-inner-border\"><strong>G\u00fcvenilirlik<\/strong>: \u00dcretici ve bayiler aras\u0131nda k\u00f6pr\u00fc vazife g\u00f6ren firmam\u0131z her iki tarafa da maddi ve manevi g\u00fcven vermek mecburiyetindedir.<\/div><\/div><\/div><div class=\"avia_textblock  \"><p><strong>Hizmet Vermek<\/strong>: M\u00fc\u015fterilerimizin i\u015flerini kolayla\u015ft\u0131rmak i\u00e7in, onlar\u0131n taleplerini tam zaman\u0131nda ve en uygun \u015fekilde kar\u015f\u0131lamal\u0131y\u0131z.<\/p><p><strong>M\u00fc\u015fteri Memnuniyeti<\/strong>:Kuruldu\u011fumuz g\u00fcnden beri, m\u00fc\u015fterilerimizle s\u0131cak dostluklar kurmak, her zaman \u00f6nc\u00fcl\u00fc\u011f\u00fcm\u00fcz olmu\u015ftur.Beraber b\u00fcy\u00fcd\u00fc\u011f\u00fcm\u00fcz, uzun y\u0131llard\u0131r g\u00fcven veren dostluklar\u0131m\u0131z her zaman olmu\u015ftur ve bunu da artt\u0131rarak devam ettirece\u011fimize inan\u0131yoruz.<\/p><p>Firmam\u0131z kuruldu\u011fundan bug\u00fcne kadar \u00e7al\u0131\u015fanlar\u0131n\u0131 da ayr\u0131lmaz bir par\u00e7as\u0131 olarak g\u00f6rm\u00fc\u015ft\u00fcr. Onlar\u0131n \u00fcz\u00fcnt\u00fcleri \u00fcz\u00fcnt\u00fclerimiz,sevin\u00e7leri sevin\u00e7lerimiz,ba\u015far\u0131lar\u0131 ba\u015far\u0131lar\u0131m\u0131z olmu\u015ftur. En b\u00fcy\u00fck ba\u015far\u0131lar birlik beraberlik i\u00e7erisinde birbirlerini seven insanlarla olu\u015fmu\u015ftur.<\/p><p>M\u00fc\u015fterilerimize beklentinin \u00fczerinde hizmet vermesini istedi\u011fimiz personelimize, biz de beklentilerinden daha fazlas\u0131n\u0131 onlara vermemiz gerekir.<\/p><\/div><\/div>\r\n\t\t<\/div>\r\r\n\t\t\t<\/div>\n\t\t\t\t<\/div>\n\t\t\t\t<div class=\"elementor-element elementor-element-617fa1c elementor-widget elementor-widget-techlon_text\" data-id=\"617fa1c\" data-element_type=\"widget\" data-widget_type=\"techlon_text.default\">\n\t\t\t\t<div class=\"elementor-widget-container\">\n\t\t\t\r\n\t\t<div class=\"about-text\">\r\r\n\t\t\t<div class=\"av-special-heading av-special-heading-h3  blockquote modern-quote  avia-builder-el-10  el_after_av_hr  el_before_av_textblock  \"><h3 class=\"av-special-heading-tag \">Vizyonumuz;<\/h3><\/div><div class=\"avia_textblock  \"><p>\u0130yi m\u00fckemmelin d\u00fc\u015fman\u0131d\u0131r. Temel vizyonumuz, her zaman m\u00fckemmel bir firma olmakt\u0131r.<\/p><\/div>\r\n\t\t<\/div>\r\r\n\t\t\t<\/div>\n\t\t\t\t<\/div>\n\t\t\t\t\t<\/div>\n\t\t<\/div>\n\t\t\t\t\t<\/div>\n\t\t<\/section>\n\t\t\t\t\t<\/div>\n\t\t<\/div>\n\t\t\t\t\t<\/div>\n\t\t<\/section>\n\t\t\t\t<section class=\"elementor-section elementor-top-section elementor-element elementor-element-42f7910 elementor-section-full_width techlon-column-stretched-none elementor-section-height-default elementor-section-height-default\" data-id=\"42f7910\" data-element_type=\"section\">\n\t\t\t\t\t\t<div class=\"elementor-container elementor-column-gap-no\">\n\t\t\t\t\t<div class=\"elementor-column elementor-col-100 elementor-top-column elementor-element elementor-element-f7ba3c7\" data-id=\"f7ba3c7\" data-element_type=\"column\">\n\t\t\t<div class=\"elementor-widget-wrap elementor-element-populated\">\n\t\t\t\t\t\t<div class=\"elementor-element elementor-element-b2a1ca6 elementor-widget elementor-widget-techlon_brand_section\" data-id=\"b2a1ca6\" data-element_type=\"widget\" data-widget_type=\"techlon_brand_section.default\">\n\t\t\t\t<div class=\"elementor-widget-container\">\n\t\t\t\r\n        <div class=\"client-carousel  tech-carousel\">\r\r\n            <div class=\"container\">\r\r\n                <div class=\"owl-carousel thm-owl__carousel thm-owl__carousel1\" data-owl-options='{\"loop\": true,\r\r\n                \"autoplay\": true,\r\r\n                \"autoplayTimeout\": 5000,\r\r\n                \"autoplayHoverPause\": true,\r\r\n                \"nav\": true,\r\r\n                \"navText\": [\"<span class=\\\" fa fa-chevron-left\\\"><\/span>\",\"<span class=\\\" fa fa-chevron-right\\\"><\/span>\"],\r\r\n                \"dots\": false,\r\r\n                \"margin\": 30,\r\r\n                \"items\": 2,\r\r\n                \"smartSpeed\": 700,\r\r\n                \"responsive\": {\r\r\n                    \"0\": {\r\r\n                        \"margin\": 30,\r\r\n                        \"items\": 2\r\r\n                    },\r\r\n                    \"375\": {\r\r\n                        \"margin\": 30,\r\r\n                        \"items\": 2\r\r\n                    },\r\r\n                    \"575\": {\r\r\n                        \"margin\": 30,\r\r\n                        \"items\": 3\r\r\n                    },\r\r\n                    \"767\": {\r\r\n                        \"margin\": 50,\r\r\n                        \"items\": 4\r\r\n                    },\r\r\n                    \"991\": {\r\r\n                        \"margin\": 40,\r\r\n                        \"items\": 5\r\r\n                    },\r\r\n                    \"1199\": {\r\r\n                        \"margin\": 80,\r\r\n                        \"items\": 5\r\r\n                    }\r\r\n                }}'>\r\r\n                \r\n                    <div class=\"item\">\r\r\n                        <img decoding=\"async\" src=\"https:\/\/maviakim.com.tr\/wp-content\/uploads\/2024\/08\/ayvaz.jpg\" alt=\"\">\r\r\n                    <\/div><!-- \/.item -->\r\r\n\r\n                    <div class=\"item\">\r\r\n                        <img decoding=\"async\" src=\"https:\/\/maviakim.com.tr\/wp-content\/uploads\/2024\/08\/bosch.jpg\" alt=\"\">\r\r\n                    <\/div><!-- \/.item -->\r\r\n\r\n                    <div class=\"item\">\r\r\n                        <img decoding=\"async\" src=\"https:\/\/maviakim.com.tr\/wp-content\/uploads\/2024\/08\/cayirova.jpg\" alt=\"\">\r\r\n                    <\/div><!-- \/.item -->\r\r\n\r\n                    <div class=\"item\">\r\r\n                        <img decoding=\"async\" src=\"https:\/\/maviakim.com.tr\/wp-content\/uploads\/2024\/08\/eca.jpg\" alt=\"\">\r\r\n                    <\/div><!-- \/.item -->\r\r\n\r\n                    <div class=\"item\">\r\r\n                        <img decoding=\"async\" src=\"https:\/\/maviakim.com.tr\/wp-content\/uploads\/2024\/08\/eska.jpg\" alt=\"\">\r\r\n                    <\/div><!-- \/.item -->\r\r\n\r\n                    <div class=\"item\">\r\r\n                        <img decoding=\"async\" src=\"https:\/\/maviakim.com.tr\/wp-content\/uploads\/2024\/08\/kozlusan.jpg\" alt=\"\">\r\r\n                    <\/div><!-- \/.item -->\r\r\n\r\n                    <div class=\"item\">\r\r\n                        <img decoding=\"async\" src=\"https:\/\/maviakim.com.tr\/wp-content\/uploads\/2024\/08\/lifepan.jpg\" alt=\"\">\r\r\n                    <\/div><!-- \/.item -->\r\r\n\r\n                    <div class=\"item\">\r\r\n                        <img decoding=\"async\" src=\"https:\/\/maviakim.com.tr\/wp-content\/uploads\/2024\/08\/pekpan.jpg\" alt=\"\">\r\r\n                    <\/div><!-- \/.item -->\r\r\n\r\n                    <div class=\"item\">\r\r\n                        <img decoding=\"async\" src=\"https:\/\/maviakim.com.tr\/wp-content\/uploads\/2024\/08\/yesilenerji.jpg\" alt=\"\">\r\r\n                    <\/div><!-- \/.item -->\r\r\n\r\n                    <div class=\"item\">\r\r\n                        <img decoding=\"async\" src=\"https:\/\/maviakim.com.tr\/wp-content\/uploads\/2024\/08\/pipelife.jpg\" alt=\"\">\r\r\n                    <\/div><!-- \/.item -->\r\r\n\r\n                    <div class=\"item\">\r\r\n                        <img decoding=\"async\" src=\"https:\/\/maviakim.com.tr\/wp-content\/uploads\/2024\/08\/termodinamik.jpg\" alt=\"\">\r\r\n                    <\/div><!-- \/.item -->\r\r\n\r\n                    <div class=\"item\">\r\r\n                        <img decoding=\"async\" src=\"https:\/\/maviakim.com.tr\/wp-content\/uploads\/2024\/08\/warmhaus.jpg\" alt=\"\">\r\r\n                    <\/div><!-- \/.item -->\r\r\n\r\n                    <div class=\"item\">\r\r\n                        <img decoding=\"async\" src=\"https:\/\/maviakim.com.tr\/wp-content\/uploads\/2024\/08\/kalde.jpg\" alt=\"\">\r\r\n                    <\/div><!-- \/.item -->\r\r\n\r\n                <\/div><!-- \/.thm-owl__carousel -->\r\r\n            <\/div><!-- \/.container -->\r\r\n        <\/div><!-- \/.client-carousel -->\r\r\n        \r\n        <script>\r\r\n            jQuery( function( $ ) {\r\r\n        let thmOwlCarousels = $(\".thm-owl__carousel1\");\r\r\n    if (thmOwlCarousels.length) {\r\r\n        thmOwlCarousels.each(function () {\r\r\n            let elm = $(this);\r\r\n            let options = elm.data(\"owl-options\");\r\r\n            let thmOwlCarousel = elm.owlCarousel(\r\r\n                \"object\" === typeof options ? options : JSON.parse(options)\r\r\n            );\r\r\n        });\r\r\n    }\r\r\n            })\r\r\n        <\/script>\r\r\n    \t\t<\/div>\n\t\t\t\t<\/div>\n\t\t\t\t\t<\/div>\n\t\t<\/div>\n\t\t\t\t\t<\/div>\n\t\t<\/section>\n\t\t\t\t<\/div>\n\t\t","protected":false},"excerpt":{"rendered":"<p>Firmam\u0131z Hakk\u0131nda T\u00fcrkiye&#8217;nin \u0130klim Deposu 17.02.2000 tarihinde ticari hayat\u0131na ba\u015flayan firmam\u0131z \u00d6mer G\u00dcNEY ve Ka\u011fan \u00c7AKAR taraf\u0131ndan kurulmu\u015ftur. T\u00fcrkiye ve d\u00fcnya ekonomisinin durgunluk i\u00e7erisinde oldu\u011fu d\u00f6nemlerde sab\u0131r ve ilk g\u00fcnk\u00fc heyecan\u0131m\u0131z\u0131 kaybetmeden sa\u011fl\u0131kl\u0131 geli\u015fimini s\u00fcrd\u00fcrm\u00fc\u015f, \u015firket i\u00e7inde ve ticarette s\u00fcrekli iyile\u015ftirmelerle geli\u015fimine devam etmi\u015ftir. Kombiden do\u011falgaz fitings malzemesine, kazan \u00e7e\u015fitlerinden panel radyat\u00f6re kadar bayilerine geni\u015f [&hellip;]<\/p>\n","protected":false},"author":1,"featured_media":0,"parent":0,"menu_order":0,"comment_status":"closed","ping_status":"closed","template":"page-template\/full-width.php","meta":{"footnotes":""},"class_list":["post-17","page","type-page","status-publish","hentry"],"_links":{"self":[{"href":"https:\/\/maviakim.com.tr\/index.php\/wp-json\/wp\/v2\/pages\/17","targetHints":{"allow":["GET"]}}],"collection":[{"href":"https:\/\/maviakim.com.tr\/index.php\/wp-json\/wp\/v2\/pages"}],"about":[{"href":"https:\/\/maviakim.com.tr\/index.php\/wp-json\/wp\/v2\/types\/page"}],"author":[{"embeddable":true,"href":"https:\/\/maviakim.com.tr\/index.php\/wp-json\/wp\/v2\/users\/1"}],"replies":[{"embeddable":true,"href":"https:\/\/maviakim.com.tr\/index.php\/wp-json\/wp\/v2\/comments?post=17"}],"version-history":[{"count":10,"href":"https:\/\/maviakim.com.tr\/index.php\/wp-json\/wp\/v2\/pages\/17\/revisions"}],"predecessor-version":[{"id":10905,"href":"https:\/\/maviakim.com.tr\/index.php\/wp-json\/wp\/v2\/pages\/17\/revisions\/10905"}],"wp:attachment":[{"href":"https:\/\/maviakim.com.tr\/index.php\/wp-json\/wp\/v2\/media?parent=17"}],"curies":[{"name":"wp","href":"https:\/\/api.w.org\/{rel}","templated":true}]}}